{"id":403,"date":"2019-12-09T12:34:38","date_gmt":"2019-12-09T12:34:38","guid":{"rendered":"https:\/\/caruso.ro\/?page_id=403"},"modified":"2020-02-01T08:55:43","modified_gmt":"2020-02-01T08:55:43","slug":"cerere-oferta","status":"publish","type":"page","link":"http:\/\/caruso.ro\/en\/cerere-oferta\/","title":{"rendered":"GET A QUOTE"},"content":{"rendered":"\t\t<div data-elementor-type=\"wp-page\" data-elementor-id=\"403\" class=\"elementor elementor-403\">\n\t\t\t\t\t\t<section class=\"elementor-section elementor-top-section elementor-element elementor-element-b4f267e elementor-section-stretched elementor-section-height-min-height elementor-section-boxed elementor-section-height-default elementor-section-items-middle\" data-id=\"b4f267e\" data-element_type=\"section\" data-e-type=\"section\" data-settings=\"{&quot;stretch_section&quot;:&quot;section-stretched&quot;,&quot;background_background&quot;:&quot;classic&quot;}\">\n\t\t\t\t\t\t\t<div class=\"elementor-background-overlay\"><\/div>\n\t\t\t\t\t\t\t<div class=\"elementor-container elementor-column-gap-default\">\n\t\t\t\t\t<div class=\"elementor-column elementor-col-100 elementor-top-column elementor-element elementor-element-8b7412c\" data-id=\"8b7412c\" data-element_type=\"column\" data-e-type=\"column\">\n\t\t\t<div class=\"elementor-widget-wrap elementor-element-populated\">\n\t\t\t\t\t\t<div class=\"elementor-element elementor-element-90cd595 elementor-widget elementor-widget-heading\" data-id=\"90cd595\" data-element_type=\"widget\" data-e-type=\"widget\" data-widget_type=\"heading.default\">\n\t\t\t\t<div class=\"elementor-widget-container\">\n\t\t\t\t\t<h2 class=\"elementor-heading-title elementor-size-default\">CERERE OFERTA<\/h2>\t\t\t\t<\/div>\n\t\t\t\t<\/div>\n\t\t\t\t\t<\/div>\n\t\t<\/div>\n\t\t\t\t\t<\/div>\n\t\t<\/section>\n\t\t\t\t<section class=\"elementor-section elementor-top-section elementor-element elementor-element-e5a98d4 elementor-section-stretched elementor-section-boxed elementor-section-height-default elementor-section-height-default\" data-id=\"e5a98d4\" data-element_type=\"section\" data-e-type=\"section\" data-settings=\"{&quot;stretch_section&quot;:&quot;section-stretched&quot;}\">\n\t\t\t\t\t\t<div class=\"elementor-container elementor-column-gap-no\">\n\t\t\t\t\t<div class=\"elementor-column elementor-col-25 elementor-top-column elementor-element elementor-element-40b35c8\" data-id=\"40b35c8\" data-element_type=\"column\" data-e-type=\"column\">\n\t\t\t<div class=\"elementor-widget-wrap\">\n\t\t\t\t\t\t\t<\/div>\n\t\t<\/div>\n\t\t\t\t<div class=\"elementor-column elementor-col-50 elementor-top-column elementor-element elementor-element-4b1f07d\" data-id=\"4b1f07d\" data-element_type=\"column\" data-e-type=\"column\">\n\t\t\t<div class=\"elementor-widget-wrap elementor-element-populated\">\n\t\t\t\t\t\t<div class=\"elementor-element elementor-element-ebda932 elementor-widget elementor-widget-heading\" data-id=\"ebda932\" data-element_type=\"widget\" data-e-type=\"widget\" data-widget_type=\"heading.default\">\n\t\t\t\t<div class=\"elementor-widget-container\">\n\t\t\t\t\t<h6 class=\"elementor-heading-title elementor-size-default\">C\u00e2mpurile notate cu * sunt obligatorii.<\/h6>\t\t\t\t<\/div>\n\t\t\t\t<\/div>\n\t\t\t\t<div class=\"elementor-element elementor-element-8512051 eael-wpforms-labels-yes eael-wpforms-form-button-custom elementor-widget elementor-widget-eael-wpforms\" data-id=\"8512051\" data-element_type=\"widget\" data-e-type=\"widget\" data-widget_type=\"eael-wpforms.default\">\n\t\t\t\t<div class=\"elementor-widget-container\">\n\t\t\t\t\t            <div class=\"eael-contact-form eael-wpforms placeholder-hide eael-custom-radio-checkbox eael-wpforms-align-default\">\n                                <div class=\"wpforms-container wpforms-container-full\" id=\"wpforms-99\"><form id=\"wpforms-form-99\" class=\"wpforms-validate wpforms-form\" data-formid=\"99\" method=\"post\" enctype=\"multipart\/form-data\" action=\"\/en\/wp-json\/wp\/v2\/pages\/403\" data-token=\"7879e59857762f16253a6d0f03136572\" data-token-time=\"1776782399\"><div class=\"wpforms-head-container\"><\/div><noscript class=\"wpforms-error-noscript\">Please enable JavaScript in your browser to complete this form.<\/noscript><div class=\"wpforms-field-container\"><div id=\"wpforms-99-field_0-container\" class=\"wpforms-field wpforms-field-name wpforms-one-half wpforms-first\" data-field-id=\"0\"><label class=\"wpforms-field-label\" for=\"wpforms-99-field_0\">Nume <span class=\"wpforms-required-label\">*<\/span><\/label><input type=\"text\" id=\"wpforms-99-field_0\" class=\"wpforms-field-small wpforms-field-required\" name=\"wpforms[fields][0]\" placeholder=\"Nume*\" required><\/div><div id=\"wpforms-99-field_1-container\" class=\"wpforms-field wpforms-field-email wpforms-one-half\" data-field-id=\"1\"><label class=\"wpforms-field-label\" for=\"wpforms-99-field_1\">Email <span class=\"wpforms-required-label\">*<\/span><\/label><input type=\"email\" id=\"wpforms-99-field_1\" class=\"wpforms-field-small wpforms-field-required\" name=\"wpforms[fields][1]\" placeholder=\"Email*\" spellcheck=\"false\" required><\/div><div id=\"wpforms-99-field_4-container\" class=\"wpforms-field wpforms-field-text wpforms-one-half wpforms-first\" data-field-id=\"4\"><label class=\"wpforms-field-label\" for=\"wpforms-99-field_4\">Firm\u0103<\/label><input type=\"text\" id=\"wpforms-99-field_4\" class=\"wpforms-field-small\" name=\"wpforms[fields][4]\" placeholder=\"Nume Firma\" ><\/div><div id=\"wpforms-99-field_3-container\" class=\"wpforms-field wpforms-field-number wpforms-one-half\" data-field-id=\"3\"><label class=\"wpforms-field-label\" for=\"wpforms-99-field_3\">Telefon<\/label><input type=\"number\" id=\"wpforms-99-field_3\" class=\"wpforms-field-small\" name=\"wpforms[fields][3]\" placeholder=\"Telefon\" step=\"any\" ><\/div><div id=\"wpforms-99-field_6-container\" class=\"wpforms-field wpforms-field-checkbox wpforms-list-2-columns\" data-field-id=\"6\"><label class=\"wpforms-field-label\">Alege Produse: <span class=\"wpforms-required-label\">*<\/span><\/label><ul id=\"wpforms-99-field_6\" class=\"wpforms-field-required\"><li class=\"choice-1 depth-1\"><input type=\"checkbox\" id=\"wpforms-99-field_6_1\" name=\"wpforms[fields][6][]\" value=\"H\u00c2RTIE PENTRU CONSTRUC\u021aII\" required ><label class=\"wpforms-field-label-inline\" for=\"wpforms-99-field_6_1\">H\u00c2RTIE PENTRU CONSTRUC\u021aII<\/label><\/li><li class=\"choice-2 depth-1\"><input type=\"checkbox\" id=\"wpforms-99-field_6_2\" name=\"wpforms[fields][6][]\" value=\"H\u00c2RTIE MG - AMBALAJ INDUSTRIAL\" required ><label class=\"wpforms-field-label-inline\" for=\"wpforms-99-field_6_2\">H\u00c2RTIE MG - AMBALAJ INDUSTRIAL<\/label><\/li><li class=\"choice-3 depth-1\"><input type=\"checkbox\" id=\"wpforms-99-field_6_3\" name=\"wpforms[fields][6][]\" value=\"H\u00c2RTIE KRAFT - AMBALAJ INDUSTRIAL\" required ><label class=\"wpforms-field-label-inline\" for=\"wpforms-99-field_6_3\">H\u00c2RTIE KRAFT - AMBALAJ INDUSTRIAL<\/label><\/li><li class=\"choice-4 depth-1\"><input type=\"checkbox\" id=\"wpforms-99-field_6_4\" name=\"wpforms[fields][6][]\" value=\"H\u00c2RTIE SUBSPAN - AMBALAJ INDUSTRIAL\" required ><label class=\"wpforms-field-label-inline\" for=\"wpforms-99-field_6_4\">H\u00c2RTIE SUBSPAN - AMBALAJ INDUSTRIAL<\/label><\/li><li class=\"choice-5 depth-1\"><input type=\"checkbox\" id=\"wpforms-99-field_6_5\" name=\"wpforms[fields][6][]\" value=\"H\u00c2RTIE PARAFINAT\u0102 - AMBALAJ INDUSTRIAL\" required ><label class=\"wpforms-field-label-inline\" for=\"wpforms-99-field_6_5\">H\u00c2RTIE PARAFINAT\u0102 - AMBALAJ INDUSTRIAL<\/label><\/li><li class=\"choice-8 depth-1\"><input type=\"checkbox\" id=\"wpforms-99-field_6_8\" name=\"wpforms[fields][6][]\" value=\"H\u00c2RTIE PENTRU COPT - INDUSTRIA ALIMENTAR\u0102\" required ><label class=\"wpforms-field-label-inline\" for=\"wpforms-99-field_6_8\">H\u00c2RTIE PENTRU COPT - INDUSTRIA ALIMENTAR\u0102<\/label><\/li><li class=\"choice-6 depth-1\"><input type=\"checkbox\" id=\"wpforms-99-field_6_6\" name=\"wpforms[fields][6][]\" value=\"H\u00c2RTIE INNOBILAT\u0102 - INDUSTRIA ALIMENTAR\u0102\" required ><label class=\"wpforms-field-label-inline\" for=\"wpforms-99-field_6_6\">H\u00c2RTIE INNOBILAT\u0102 - INDUSTRIA ALIMENTAR\u0102<\/label><\/li><li class=\"choice-7 depth-1\"><input type=\"checkbox\" id=\"wpforms-99-field_6_7\" name=\"wpforms[fields][6][]\" value=\"H\u00c2RTIE PERGAMENT - INDUSTRIA ALIMENTAR\u0102\" required ><label class=\"wpforms-field-label-inline\" for=\"wpforms-99-field_6_7\">H\u00c2RTIE PERGAMENT - INDUSTRIA ALIMENTAR\u0102<\/label><\/li><li class=\"choice-9 depth-1\"><input type=\"checkbox\" id=\"wpforms-99-field_6_9\" name=\"wpforms[fields][6][]\" value=\"CARTON DUPLEX\" required ><label class=\"wpforms-field-label-inline\" for=\"wpforms-99-field_6_9\">CARTON DUPLEX<\/label><\/li><li class=\"choice-10 depth-1\"><input type=\"checkbox\" id=\"wpforms-99-field_6_10\" name=\"wpforms[fields][6][]\" value=\"CARTON DE LEG\u0102TORIE\" required ><label class=\"wpforms-field-label-inline\" for=\"wpforms-99-field_6_10\">CARTON DE LEG\u0102TORIE<\/label><\/li><\/ul><\/div><div id=\"wpforms-99-field_2-container\" class=\"wpforms-field wpforms-field-textarea\" data-field-id=\"2\"><label class=\"wpforms-field-label\" for=\"wpforms-99-field_2\">Mesaj <span class=\"wpforms-required-label\">*<\/span><\/label><textarea id=\"wpforms-99-field_2\" class=\"wpforms-field-medium wpforms-field-required\" name=\"wpforms[fields][2]\" placeholder=\"Mesaj*\" required><\/textarea><\/div><div id=\"wpforms-99-field_7-container\" class=\"wpforms-field wpforms-field-gdpr-checkbox\" data-field-id=\"7\"><label class=\"wpforms-field-label\">Acordul GDPR <span class=\"wpforms-required-label\">*<\/span><\/label><ul id=\"wpforms-99-field_7\" class=\"wpforms-field-required\"><li class=\"choice-1\"><input type=\"checkbox\" id=\"wpforms-99-field_7_1\" name=\"wpforms[fields][7][]\" value=\"Accept ca acest site s\u0103 stocheze informa\u021biile trimise pentru a putea r\u0103spunde la solicitarea mea.\" required ><label class=\"wpforms-field-label-inline\" for=\"wpforms-99-field_7_1\">Accept ca acest site s\u0103 stocheze informa\u021biile trimise pentru a putea r\u0103spunde la solicitarea mea.<\/label><\/li><\/ul><\/div><\/div><!-- .wpforms-field-container --><div class=\"wpforms-field wpforms-field-hp\"><label for=\"wpforms-99-field-hp\" class=\"wpforms-field-label\">Website<\/label><input type=\"text\" name=\"wpforms[hp]\" id=\"wpforms-99-field-hp\" class=\"wpforms-field-medium\"><\/div><div class=\"wpforms-recaptcha-container wpforms-is-recaptcha wpforms-is-recaptcha-type-v2\" ><div class=\"g-recaptcha\" data-sitekey=\"6LdbSNYUAAAAAMOsNEs1DfoMZfF3uO0MPxfy_Zqx\"><\/div><input type=\"text\" name=\"g-recaptcha-hidden\" class=\"wpforms-recaptcha-hidden\" style=\"position:absolute!important;clip:rect(0,0,0,0)!important;height:1px!important;width:1px!important;border:0!important;overflow:hidden!important;padding:0!important;margin:0!important;\" data-rule-recaptcha=\"1\"><\/div><div class=\"wpforms-submit-container\" ><input type=\"hidden\" name=\"wpforms[id]\" value=\"99\"><input type=\"hidden\" name=\"page_title\" value=\"\"><input type=\"hidden\" name=\"page_url\" value=\"http:\/\/caruso.ro\/en\/wp-json\/wp\/v2\/pages\/403\"><input type=\"hidden\" name=\"url_referer\" value=\"\"><button type=\"submit\" name=\"wpforms[submit]\" id=\"wpforms-submit-99\" class=\"wpforms-submit\" data-alt-text=\"Se transmite...\" data-submit-text=\"TRANSMITE\" aria-live=\"assertive\" value=\"wpforms-submit\">TRANSMITE<\/button><\/div><\/form><\/div>  <!-- .wpforms-container -->            <\/div>\n\t\t\t\t<\/div>\n\t\t\t\t<\/div>\n\t\t\t\t\t<\/div>\n\t\t<\/div>\n\t\t\t\t<div class=\"elementor-column elementor-col-25 elementor-top-column elementor-element elementor-element-3cc8c3e\" data-id=\"3cc8c3e\" data-element_type=\"column\" data-e-type=\"column\">\n\t\t\t<div class=\"elementor-widget-wrap\">\n\t\t\t\t\t\t\t<\/div>\n\t\t<\/div>\n\t\t\t\t\t<\/div>\n\t\t<\/section>\n\t\t\t\t<\/div>\n\t\t","protected":false},"excerpt":{"rendered":"<p>CERERE OFERTA C\u00e2mpurile notate cu * sunt obligatorii. Please enable JavaScript in your browser to complete this form.Nume *Email *Firm\u0103TelefonAlege Produse: * H\u00c2RTIE PENTRU CONSTRUC\u021aII H\u00c2RTIE MG &#8211; AMBALAJ INDUSTRIAL H\u00c2RTIE KRAFT &#8211; AMBALAJ INDUSTRIAL H\u00c2RTIE SUBSPAN &#8211; AMBALAJ INDUSTRIAL H\u00c2RTIE PARAFINAT\u0102 &#8211; AMBALAJ INDUSTRIAL H\u00c2RTIE PENTRU COPT &#8211; INDUSTRIA ALIMENTAR\u0102 H\u00c2RTIE INNOBILAT\u0102 &#8211; INDUSTRIA [&hellip;]<\/p>\n","protected":false},"author":1,"featured_media":0,"parent":0,"menu_order":0,"comment_status":"closed","ping_status":"closed","template":"","meta":{"site-sidebar-layout":"no-sidebar","site-content-layout":"page-builder","ast-site-content-layout":"default","site-content-style":"default","site-sidebar-style":"default","ast-global-header-display":"","ast-banner-title-visibility":"","ast-main-header-display":"","ast-hfb-above-header-display":"","ast-hfb-below-header-display":"","ast-hfb-mobile-header-display":"","site-post-title":"disabled","ast-breadcrumbs-content":"","ast-featured-img":"disabled","footer-sml-layout":"","ast-disable-related-posts":"","theme-transparent-header-meta":"default","adv-header-id-meta":"","stick-header-meta":"default","header-above-stick-meta":"","header-main-stick-meta":"","header-below-stick-meta":"","astra-migrate-meta-layouts":"default","ast-page-background-enabled":"default","ast-page-background-meta":{"desktop":{"background-color":"","background-image":"","background-repeat":"repeat","background-position":"center center","background-size":"auto","background-attachment":"scroll","background-type":"","background-media":"","overlay-type":"","overlay-color":"","overlay-opacity":"","overlay-gradient":""},"tablet":{"background-color":"","background-image":"","background-repeat":"repeat","background-position":"center center","background-size":"auto","background-attachment":"scroll","background-type":"","background-media":"","overlay-type":"","overlay-color":"","overlay-opacity":"","overlay-gradient":""},"mobile":{"background-color":"","background-image":"","background-repeat":"repeat","background-position":"center center","background-size":"auto","background-attachment":"scroll","background-type":"","background-media":"","overlay-type":"","overlay-color":"","overlay-opacity":"","overlay-gradient":""}},"ast-content-background-meta":{"desktop":{"background-color":"var(--ast-global-color-5)","background-image":"","background-repeat":"repeat","background-position":"center center","background-size":"auto","background-attachment":"scroll","background-type":"","background-media":"","overlay-type":"","overlay-color":"","overlay-opacity":"","overlay-gradient":""},"tablet":{"background-color":"var(--ast-global-color-5)","background-image":"","background-repeat":"repeat","background-position":"center center","background-size":"auto","background-attachment":"scroll","background-type":"","background-media":"","overlay-type":"","overlay-color":"","overlay-opacity":"","overlay-gradient":""},"mobile":{"background-color":"var(--ast-global-color-5)","background-image":"","background-repeat":"repeat","background-position":"center center","background-size":"auto","background-attachment":"scroll","background-type":"","background-media":"","overlay-type":"","overlay-color":"","overlay-opacity":"","overlay-gradient":""}},"footnotes":""},"class_list":["post-403","page","type-page","status-publish","hentry"],"_links":{"self":[{"href":"http:\/\/caruso.ro\/en\/wp-json\/wp\/v2\/pages\/403","targetHints":{"allow":["GET"]}}],"collection":[{"href":"http:\/\/caruso.ro\/en\/wp-json\/wp\/v2\/pages"}],"about":[{"href":"http:\/\/caruso.ro\/en\/wp-json\/wp\/v2\/types\/page"}],"author":[{"embeddable":true,"href":"http:\/\/caruso.ro\/en\/wp-json\/wp\/v2\/users\/1"}],"replies":[{"embeddable":true,"href":"http:\/\/caruso.ro\/en\/wp-json\/wp\/v2\/comments?post=403"}],"version-history":[{"count":0,"href":"http:\/\/caruso.ro\/en\/wp-json\/wp\/v2\/pages\/403\/revisions"}],"wp:attachment":[{"href":"http:\/\/caruso.ro\/en\/wp-json\/wp\/v2\/media?parent=403"}],"curies":[{"name":"wp","href":"https:\/\/api.w.org\/{rel}","templated":true}]}}